{"id":10,"date":"2019-08-09T10:38:02","date_gmt":"2019-08-09T08:38:02","guid":{"rendered":"https:\/\/sdl-lelanderon.ch\/eml\/?page_id=10"},"modified":"2020-05-01T16:55:07","modified_gmt":"2020-05-01T14:55:07","slug":"instruments","status":"publish","type":"page","link":"https:\/\/sdl-lelanderon.ch\/eml\/instruments\/","title":{"rendered":"Instruments"},"content":{"rendered":"\n<p>Les cours actuellement propos\u00e9s par l&rsquo;Ecole de Musique <\/p>\n\n\n\n<p><a href=\"https:\/\/sdl-lelanderon.ch\/eml\/le-piano\/\">Piano<\/a> <br><a href=\"https:\/\/sdl-lelanderon.ch\/eml\/le-violon\/\">Violon<\/a> <br>Alto <br>Violoncelle <br><a href=\"https:\/\/sdl-lelanderon.ch\/eml\/la-guitare\/\">Guitare classique et moderne <br>Guitare \u00e9lectrique <\/a><br>Ukuklele<br>Basse \u00e9lectrique <br>Fl\u00fbte traversi\u00e8re <br>Fl\u00fbte baroque <br>Fl\u00fbte \u00e0 bec <br>Chant <br>Solf\u00e8ge  <br>Initiation musicale  <br>Rythmique  <br>Orchestre pour les \u00e9l\u00e8ves de l&rsquo;Ecole de Musique<\/p>\n\n\n\n\n\n<p><\/p>\n","protected":false},"excerpt":{"rendered":"<p>Les cours actuellement propos\u00e9s par l&rsquo;Ecole de Musique Piano Violon Alto Violoncelle Guitare classique et moderne Guitare \u00e9lectrique UkukleleBasse \u00e9lectrique Fl\u00fbte traversi\u00e8re Fl\u00fbte baroque Fl\u00fbte \u00e0 bec Chant Solf\u00e8ge Initiation musicale Rythmique Orchestre pour les \u00e9l\u00e8ves de l&rsquo;Ecole de Musique<\/p>\n","protected":false},"author":1,"featured_media":0,"parent":0,"menu_order":0,"comment_status":"closed","ping_status":"closed","template":"","meta":[],"_links":{"self":[{"href":"https:\/\/sdl-lelanderon.ch\/eml\/wp-json\/wp\/v2\/pages\/10"}],"collection":[{"href":"https:\/\/sdl-lelanderon.ch\/eml\/wp-json\/wp\/v2\/pages"}],"about":[{"href":"https:\/\/sdl-lelanderon.ch\/eml\/wp-json\/wp\/v2\/types\/page"}],"author":[{"embeddable":true,"href":"https:\/\/sdl-lelanderon.ch\/eml\/wp-json\/wp\/v2\/users\/1"}],"replies":[{"embeddable":true,"href":"https:\/\/sdl-lelanderon.ch\/eml\/wp-json\/wp\/v2\/comments?post=10"}],"version-history":[{"count":5,"href":"https:\/\/sdl-lelanderon.ch\/eml\/wp-json\/wp\/v2\/pages\/10\/revisions"}],"predecessor-version":[{"id":174,"href":"https:\/\/sdl-lelanderon.ch\/eml\/wp-json\/wp\/v2\/pages\/10\/revisions\/174"}],"wp:attachment":[{"href":"https:\/\/sdl-lelanderon.ch\/eml\/wp-json\/wp\/v2\/media?parent=10"}],"curies":[{"name":"wp","href":"https:\/\/api.w.org\/{rel}","templated":true}]}}