{"id":12,"date":"2019-08-09T10:46:13","date_gmt":"2019-08-09T08:46:13","guid":{"rendered":"https:\/\/sdl-lelanderon.ch\/eml\/?page_id=12"},"modified":"2025-08-16T10:50:52","modified_gmt":"2025-08-16T08:50:52","slug":"tarifs","status":"publish","type":"page","link":"https:\/\/sdl-lelanderon.ch\/eml\/tarifs\/","title":{"rendered":"Tarifs"},"content":{"rendered":"\n<p>Les \u00e9colages des cours donn\u00e9s \u00e0 l&rsquo;Ecole de Musique du Landeron se paient \u00e0 r\u00e9ception de la facture.<br>Il est possible de prendre des le\u00e7ons de 30 minutes, 45 minutes ou 60 minutes. Il y a 18 le\u00e7ons par semestre.<\/p>\n<p><\/p>\n\n\n\n<figure class=\"wp-block-table\"><table><thead><tr><th>&nbsp;<\/th><th>\n<h4><strong>Enfants<\/strong><\/h4>\n<\/th><th>\n<h4><strong>Adultes<\/strong><\/h4>\n<\/th><\/tr><\/thead><tbody><tr><td>\n<p>Le\u00e7ons de 30 minutes hebdomadaires<\/p>\n<\/td><td> <p>CHF 519.-<\/p> <\/td><td> <p>CHF 613.-<\/p> <\/td><\/tr><tr><td>\n<p>Le\u00e7ons de 45 minutes hebdomadaires<\/p>\n<\/td><td> <p>CHF 660.-<\/p> <\/td><td> <p>CHF 768.-<\/p> <\/td><\/tr><tr><td>\n<p>Le\u00e7ons de 60 minutes hebdomadaires<\/p>\n<\/td><td> <p>CHF 823.-<\/p> <\/td><td> <p>CHF 958.-<\/p> <\/td><\/tr><tr><td>&nbsp;<\/td><\/tr><tr><td>\n<p>Le\u00e7ons de 30 minutes tous les 15 jours<\/p>\n<\/td><td> <p>CHF 303.-<\/p> <\/td><td> <p>CHF 353.-<\/p> <\/td><\/tr><tr><td>\n<p>Le\u00e7ons de 45 minutes tous les 15 jours<\/p>\n<\/td><td> <p>CHF 372.-<\/p> <\/td><td> <p>CHF 423.-<\/p> <\/td><\/tr><tr><td>\n<p>Le\u00e7ons de 60 minutes tous les 15 jours<\/p>\n<\/td><td> <p>CHF 465.-<\/p> <\/td><td> <p>CHF 528.-<\/p> <\/td><\/tr><\/tbody><\/table><\/figure>\n\n\n\n<figure class=\"wp-block-table\"><table><tbody><tr><td>\n<p>Solf\u00e8ge<\/p>\n<\/td><td> <p>CHF 216.-<\/p> <\/td><\/tr><tr><td>\n<p>Rythmique<\/p>\n<\/td><td> <p>CHF 216.-<\/p> <\/td><\/tr><tr><td>\n<p>Initiation musicale<\/p>\n<\/td><td> <p>CHF 216.-<\/p> <\/td><\/tr><\/tbody><\/table><\/figure>\n\n\n\n<figure class=\"wp-block-table\"><table><thead><tr><th>&nbsp;<\/th><th>\n<h4>Gr. de 2<\/h4>\n<\/th><th>\n<h4>Gr. de 3<\/h4>\n<\/th><\/tr><\/thead><tbody><tr><td>\n<p>Le\u00e7ons de 30 minutes hebdomadaires<\/p>\n<\/td><td> <p>CHF 277.-<\/p> <\/td><td> <p>CHF 203.-<\/p> <\/td><\/tr><tr><td>\n<p>Le\u00e7ons de 45 minutes hebdomadaires<\/p>\n<\/td><td> <p>CHF 399.-<\/p> <\/td><td> <p>CHF 291.-<\/p> <\/td><\/tr><tr><td>\n<p>Le\u00e7ons de 60 minutes hebdomadaires<\/p>\n<\/td><td> <p>CHF 547.-<\/p> <\/td><td> <p>CHF 399.-<\/p> <\/td><\/tr><tr><td>&nbsp;<\/td><\/tr><tr><td>\n<p>Le\u00e7ons de 30 minutes tous les 15 jours<\/p>\n<\/td><td> <p>CHF 149.-<\/p> <\/td><td> <p>CHF 122.-<\/p> <\/td><\/tr><tr><td>\n<p>Le\u00e7ons de 45 minutes tous les 15 jours<\/p>\n<\/td><td> <p>CHF 224.-<\/p> <\/td><td> <p>CHF 183.-<\/p> <\/td><\/tr><tr><td>\n<p>Le\u00e7ons de 60 minutes tous les 15 jours<\/p>\n<\/td><td> <p>CHF 297.-<\/p> <\/td><td> <p>CHF 237.-<\/p> <\/td><\/tr><\/tbody><\/table><\/figure>\n\n\n\n<p><\/p>\n<p>Pour vous inscrire vous pouvez remplir le formulaire en ligne <a href=\"http:\/\/sdl-lelanderon.ch\/eml\/inscri\/inscription.php\" target=\"_blank\" aria-label=\" (s\u2019ouvre dans un nouvel onglet)\" rel=\"noopener noreferrer\">cliquez ici<\/a><\/p>\n<p><\/p>\n\n\n<p><\/p>","protected":false},"excerpt":{"rendered":"<p>Les \u00e9colages des cours donn\u00e9s \u00e0 l&rsquo;Ecole de Musique du Landeron se paient \u00e0 r\u00e9ception de la facture.Il est possible de prendre des le\u00e7ons de 30 minutes, 45 minutes ou 60 minutes. Il y a 18 le\u00e7ons par semestre. &nbsp; Enfants Adultes Le\u00e7ons de 30 minutes hebdomadaires CHF 519.- CHF 613.- Le\u00e7ons de 45 minutes [&hellip;]<\/p>\n","protected":false},"author":1,"featured_media":0,"parent":0,"menu_order":0,"comment_status":"closed","ping_status":"closed","template":"","meta":[],"_links":{"self":[{"href":"https:\/\/sdl-lelanderon.ch\/eml\/wp-json\/wp\/v2\/pages\/12"}],"collection":[{"href":"https:\/\/sdl-lelanderon.ch\/eml\/wp-json\/wp\/v2\/pages"}],"about":[{"href":"https:\/\/sdl-lelanderon.ch\/eml\/wp-json\/wp\/v2\/types\/page"}],"author":[{"embeddable":true,"href":"https:\/\/sdl-lelanderon.ch\/eml\/wp-json\/wp\/v2\/users\/1"}],"replies":[{"embeddable":true,"href":"https:\/\/sdl-lelanderon.ch\/eml\/wp-json\/wp\/v2\/comments?post=12"}],"version-history":[{"count":12,"href":"https:\/\/sdl-lelanderon.ch\/eml\/wp-json\/wp\/v2\/pages\/12\/revisions"}],"predecessor-version":[{"id":349,"href":"https:\/\/sdl-lelanderon.ch\/eml\/wp-json\/wp\/v2\/pages\/12\/revisions\/349"}],"wp:attachment":[{"href":"https:\/\/sdl-lelanderon.ch\/eml\/wp-json\/wp\/v2\/media?parent=12"}],"curies":[{"name":"wp","href":"https:\/\/api.w.org\/{rel}","templated":true}]}}