{"id":14,"date":"2019-08-09T10:49:27","date_gmt":"2019-08-09T08:49:27","guid":{"rendered":"https:\/\/sdl-lelanderon.ch\/eml\/?page_id=14"},"modified":"2026-03-15T10:43:25","modified_gmt":"2026-03-15T09:43:25","slug":"professeurs","status":"publish","type":"page","link":"https:\/\/sdl-lelanderon.ch\/eml\/professeurs\/","title":{"rendered":"Professeurs"},"content":{"rendered":"\n<figure class=\"wp-block-table\"><table><thead><tr><th>Instruments<\/th><th>Professeurs<\/th><th>T\u00e9l\u00e9phone<\/th><th>E-Mail<\/th><\/tr><\/thead><tbody><tr><td><a href=\"https:\/\/sdl-lelanderon.ch\/eml\/le-piano\/\">Piano<\/a><br><\/td><td>Esther Duteil<\/td><td>076 423 25 27<\/td><td><\/td><\/tr><tr><td><a href=\"https:\/\/sdl-lelanderon.ch\/eml\/le-piano\/\">Piano<\/a><br><\/td><td>Thierry Bloas-Saintmarc<br><\/td><td>+33 7 86 89 76 08<\/td><td><a href=\"mailto:thierry.bloas-saintmarc@hotmail.com\" target=\"_blank\" rel=\"noreferrer noopener\">thierry.bloas-saintmarc@hotmail.com<\/a><\/td><\/tr><tr><td><a href=\"https:\/\/sdl-lelanderon.ch\/eml\/la-guitare\/\">Guitare<\/a><br><\/td><td>Christian Schnyder<br><\/td><td>079 934 75 93<\/td><td><a href=\"mailto:eml@sdl-lelanderon.ch\">eml@sdl-lelanderon.ch<\/a><\/td><\/tr><tr><td><a href=\"https:\/\/sdl-lelanderon.ch\/eml\/le-violon\/\">Violon<\/a><br><\/td><td><a href=\"https:\/\/sdl-lelanderon.ch\/eml\/emma-durville\/\">Emma Durville<\/a><\/td><td>078 901 35 85<\/td><td><\/td><\/tr><tr><td>Violoncelle<\/td><td>Simon Cauchefer<\/td><td>078 925 32 98<\/td><td><\/td><\/tr><tr><td>Violoncelle<\/td><td>Blai Bernard\u00f2<\/td><td>078 204 05 43<\/td><td><a href=\"mailto:blaibernardo@gmail.com\" target=\"_blank\" rel=\"noreferrer noopener\">blaibernardo@gmail.com<\/a><\/td><\/tr><tr><td>Fl\u00fbte traversi\u00e8re<\/td><td>Teodora Thommen<\/td><td>032 913 00 23<br>079 755 84 20<\/td><td><a href=\"mailto:teoflute@yahoo.com\" target=\"_blank\" rel=\"noreferrer noopener\">teoflute@yahoo.com<\/a><\/td><\/tr><tr><td>Fl\u00fbte douce, solf\u00e8ge<br>Initiation musicale<br>Willems, chant<\/td><td>Marie-Claire<br>Charpilloz Vallat<\/td><td>032 492 51 38<br>079 291 16 19<\/td><td><a href=\"mailto:marie-claire.cz@bluewin.ch\">marie-claire.cz@bluewin.ch<\/a><\/td><\/tr><\/tbody><\/table><\/figure>\n\n\n\n<p><\/p>\n","protected":false},"excerpt":{"rendered":"<p>Instruments Professeurs T\u00e9l\u00e9phone E-Mail Piano Esther Duteil 076 423 25 27 Piano Thierry Bloas-Saintmarc +33 7 86 89 76 08 thierry.bloas-saintmarc@hotmail.com Guitare Christian Schnyder 079 934 75 93 eml@sdl-lelanderon.ch Violon Emma Durville 078 901 35 85 Violoncelle Simon Cauchefer 078 925 32 98 Violoncelle Blai Bernard\u00f2 078 204 05 43 blaibernardo@gmail.com Fl\u00fbte traversi\u00e8re Teodora Thommen [&hellip;]<\/p>\n","protected":false},"author":1,"featured_media":0,"parent":0,"menu_order":0,"comment_status":"closed","ping_status":"closed","template":"page-templates\/pagebuilder.php","meta":[],"_links":{"self":[{"href":"https:\/\/sdl-lelanderon.ch\/eml\/wp-json\/wp\/v2\/pages\/14"}],"collection":[{"href":"https:\/\/sdl-lelanderon.ch\/eml\/wp-json\/wp\/v2\/pages"}],"about":[{"href":"https:\/\/sdl-lelanderon.ch\/eml\/wp-json\/wp\/v2\/types\/page"}],"author":[{"embeddable":true,"href":"https:\/\/sdl-lelanderon.ch\/eml\/wp-json\/wp\/v2\/users\/1"}],"replies":[{"embeddable":true,"href":"https:\/\/sdl-lelanderon.ch\/eml\/wp-json\/wp\/v2\/comments?post=14"}],"version-history":[{"count":12,"href":"https:\/\/sdl-lelanderon.ch\/eml\/wp-json\/wp\/v2\/pages\/14\/revisions"}],"predecessor-version":[{"id":356,"href":"https:\/\/sdl-lelanderon.ch\/eml\/wp-json\/wp\/v2\/pages\/14\/revisions\/356"}],"wp:attachment":[{"href":"https:\/\/sdl-lelanderon.ch\/eml\/wp-json\/wp\/v2\/media?parent=14"}],"curies":[{"name":"wp","href":"https:\/\/api.w.org\/{rel}","templated":true}]}}