{"id":163,"date":"2020-05-01T14:24:11","date_gmt":"2020-05-01T12:24:11","guid":{"rendered":"https:\/\/sdl-lelanderon.ch\/eml\/?page_id=163"},"modified":"2020-05-01T14:24:13","modified_gmt":"2020-05-01T12:24:13","slug":"le-violon","status":"publish","type":"page","link":"https:\/\/sdl-lelanderon.ch\/eml\/le-violon\/","title":{"rendered":"Le violon"},"content":{"rendered":"\n<p>Le violon fait partie de la famille des instruments \u00e0 cordes frott\u00e9es, tout comme le violoncelle, l\u2019alto et la contrebasse. Ensemble, ils constituent le c\u0153ur de l\u2019orchestre. Le violon est l\u2019instrument le plus aigu de sa famille et a souvent un r\u00f4le m\u00e9lodique dans les ensembles. Gr\u00e2ce \u00e0 son archet, il permet au violoniste de chanter, de s\u2019exprimer librement, mais il est aussi possible de jouer tr\u00e8s vite, de jouer plusieurs sons en m\u00eame temps (comme un piano) et m\u00eame de pincer les cordes pour faire des&nbsp;<em>pizzicati<\/em>&nbsp;(comme une guitare).&nbsp;<\/p>\n\n\n\n<p>C\u2019est un instrument en bois plein de d\u00e9tails, fragile et pr\u00e9cieux. L\u2019archet glisse sur les cordes et les met en vibration, vibration qui sera transmise et amplifi\u00e9e par la caisse de r\u00e9sonance en bois et sortira par les jolies \u00ab&nbsp;ou\u00efes&nbsp;\u00bb en forme de&nbsp;<em>f.&nbsp;<\/em>En posant les doigts de la main gauche sur les cordes, on change la taille de la corde ce qui produit des sons plus ou moins aigus et nous permet de trouver toutes les notes imaginables&nbsp;!&nbsp;&nbsp;Il existe des instruments adapt\u00e9s \u00e0 chaque taille d\u2019enfant et les familles, le plus souvent, louent un violon chez le luthier. Facile \u00e0 transporter gr\u00e2ce \u00e0 sa petite taille, il vous accompagnera m\u00eame en vacances.&nbsp;<\/p>\n\n\n\n<p>Le violon est un instrument qui requiert beaucoup de pr\u00e9cision et une grande discipline. Toutefois, la r\u00e9compense est grande puisqu\u2019il nous permet de partager la musique avec les autres lorsque nous jouerons \u00e0 plusieurs&nbsp;! Alors, les possibilit\u00e9s sont infinies&nbsp;: musique classique, tzigane, klezmer, irlandaise et m\u00eame pop&nbsp;!&nbsp;<\/p>\n","protected":false},"excerpt":{"rendered":"<p>Le violon fait partie de la famille des instruments \u00e0 cordes frott\u00e9es, tout comme le violoncelle, l\u2019alto et la contrebasse. Ensemble, ils constituent le c\u0153ur de l\u2019orchestre. Le violon est l\u2019instrument le plus aigu de sa famille et a souvent un r\u00f4le m\u00e9lodique dans les ensembles. Gr\u00e2ce \u00e0 son archet, il permet au violoniste de [&hellip;]<\/p>\n","protected":false},"author":1,"featured_media":0,"parent":0,"menu_order":0,"comment_status":"closed","ping_status":"closed","template":"","meta":[],"_links":{"self":[{"href":"https:\/\/sdl-lelanderon.ch\/eml\/wp-json\/wp\/v2\/pages\/163"}],"collection":[{"href":"https:\/\/sdl-lelanderon.ch\/eml\/wp-json\/wp\/v2\/pages"}],"about":[{"href":"https:\/\/sdl-lelanderon.ch\/eml\/wp-json\/wp\/v2\/types\/page"}],"author":[{"embeddable":true,"href":"https:\/\/sdl-lelanderon.ch\/eml\/wp-json\/wp\/v2\/users\/1"}],"replies":[{"embeddable":true,"href":"https:\/\/sdl-lelanderon.ch\/eml\/wp-json\/wp\/v2\/comments?post=163"}],"version-history":[{"count":1,"href":"https:\/\/sdl-lelanderon.ch\/eml\/wp-json\/wp\/v2\/pages\/163\/revisions"}],"predecessor-version":[{"id":164,"href":"https:\/\/sdl-lelanderon.ch\/eml\/wp-json\/wp\/v2\/pages\/163\/revisions\/164"}],"wp:attachment":[{"href":"https:\/\/sdl-lelanderon.ch\/eml\/wp-json\/wp\/v2\/media?parent=163"}],"curies":[{"name":"wp","href":"https:\/\/api.w.org\/{rel}","templated":true}]}}