{"id":167,"date":"2020-05-01T14:27:28","date_gmt":"2020-05-01T12:27:28","guid":{"rendered":"https:\/\/sdl-lelanderon.ch\/eml\/?page_id=167"},"modified":"2020-05-01T14:27:30","modified_gmt":"2020-05-01T12:27:30","slug":"le-piano","status":"publish","type":"page","link":"https:\/\/sdl-lelanderon.ch\/eml\/le-piano\/","title":{"rendered":"Le piano"},"content":{"rendered":"\n<p>Le piano est un instrument de musique \u00e0 cordes frapp\u00e9es. Lorsque l&rsquo;on joue une touche du clavier, le basculement de cette derni\u00e8re actionne une m\u00e9canique qui lance un marteau contre des cordes tendues sur un cadre par des chevilles.<\/p>\n\n\n\n<p>Avec quatre-vingt-huit notes, le piano est de tous les instruments celui qui a le plus grand registre. Il monte plus haut que le piccolo et descend plus bas que la contrebasse. Sa conception permet au pianiste de jouer la ligne m\u00e9lodique en m\u00eame temps que son accompagnement. Le piano se pr\u00eate \u00e0 de nombreux styles musicaux et peut aller avec \u00e0 peu pr\u00e8s tous les instruments.<\/p>\n","protected":false},"excerpt":{"rendered":"<p>Le piano est un instrument de musique \u00e0 cordes frapp\u00e9es. Lorsque l&rsquo;on joue une touche du clavier, le basculement de cette derni\u00e8re actionne une m\u00e9canique qui lance un marteau contre des cordes tendues sur un cadre par des chevilles. Avec quatre-vingt-huit notes, le piano est de tous les instruments celui qui a le plus grand [&hellip;]<\/p>\n","protected":false},"author":1,"featured_media":0,"parent":0,"menu_order":0,"comment_status":"closed","ping_status":"closed","template":"","meta":[],"_links":{"self":[{"href":"https:\/\/sdl-lelanderon.ch\/eml\/wp-json\/wp\/v2\/pages\/167"}],"collection":[{"href":"https:\/\/sdl-lelanderon.ch\/eml\/wp-json\/wp\/v2\/pages"}],"about":[{"href":"https:\/\/sdl-lelanderon.ch\/eml\/wp-json\/wp\/v2\/types\/page"}],"author":[{"embeddable":true,"href":"https:\/\/sdl-lelanderon.ch\/eml\/wp-json\/wp\/v2\/users\/1"}],"replies":[{"embeddable":true,"href":"https:\/\/sdl-lelanderon.ch\/eml\/wp-json\/wp\/v2\/comments?post=167"}],"version-history":[{"count":1,"href":"https:\/\/sdl-lelanderon.ch\/eml\/wp-json\/wp\/v2\/pages\/167\/revisions"}],"predecessor-version":[{"id":168,"href":"https:\/\/sdl-lelanderon.ch\/eml\/wp-json\/wp\/v2\/pages\/167\/revisions\/168"}],"wp:attachment":[{"href":"https:\/\/sdl-lelanderon.ch\/eml\/wp-json\/wp\/v2\/media?parent=167"}],"curies":[{"name":"wp","href":"https:\/\/api.w.org\/{rel}","templated":true}]}}