{"id":172,"date":"2020-05-01T16:54:04","date_gmt":"2020-05-01T14:54:04","guid":{"rendered":"https:\/\/sdl-lelanderon.ch\/eml\/?page_id=172"},"modified":"2020-05-01T16:59:35","modified_gmt":"2020-05-01T14:59:35","slug":"la-guitare","status":"publish","type":"page","link":"https:\/\/sdl-lelanderon.ch\/eml\/la-guitare\/","title":{"rendered":"La guitare"},"content":{"rendered":"\n<p><a rel=\"noreferrer noopener\" aria-label=\" (s\u2019ouvre dans un nouvel onglet)\" href=\"https:\/\/fr.wikipedia.org\/wiki\/Guitare\" target=\"_blank\">La guitare<\/a> est un des instruments les plus diffus\u00e9 au monde et on l\u2019utilise dans quasiment tous les styles de musique. C\u2019est un instrument \u00e0 cordes pinc\u00e9es. Les cordes sont dispos\u00e9es parall\u00e8lement \u00e0 la\u00a0<a rel=\"noreferrer noopener\" aria-label=\" (s\u2019ouvre dans un nouvel onglet)\" href=\"https:\/\/fr.wikipedia.org\/wiki\/Table_d%27harmonie\" target=\"_blank\">table d&rsquo;harmonie<\/a>\u00a0et au manche, g\u00e9n\u00e9ralement coup\u00e9 de\u00a0<a rel=\"noreferrer noopener\" aria-label=\" (s\u2019ouvre dans un nouvel onglet)\" href=\"https:\/\/fr.wikipedia.org\/wiki\/Frette_(musique)\" target=\"_blank\">frettes<\/a>, sur lesquelles on appuie les cordes, d&rsquo;une main, pour produire des\u00a0<a rel=\"noreferrer noopener\" aria-label=\" (s\u2019ouvre dans un nouvel onglet)\" href=\"https:\/\/fr.wikipedia.org\/wiki\/Note_de_musique\" target=\"_blank\">notes<\/a>\u00a0diff\u00e9rentes. L&rsquo;autre main pince les cordes, soit avec les ongles et le bout des doigts, soit avec un\u00a0<a href=\"https:\/\/fr.wikipedia.org\/wiki\/Plectre\" target=\"_blank\" rel=\"noreferrer noopener\" aria-label=\" (s\u2019ouvre dans un nouvel onglet)\">plectre<\/a>\u00a0(ou\u00a0<em>m\u00e9diator<\/em>). La guitare a le plus souvent six cordes.\u00a0<\/p>\n\n\n\n<p style=\"font-size:0\">Le corps creux de la guitare, g\u00e9n\u00e9ralement appel\u00e9\u00a0<a rel=\"noreferrer noopener\" aria-label=\" (s\u2019ouvre dans un nouvel onglet)\" href=\"https:\/\/fr.wikipedia.org\/wiki\/Caisse_de_r%C3%A9sonance\" target=\"_blank\">caisse de r\u00e9sonance<\/a>, transforme la vibration des cordes en ondes sonores. On fabrique plusieurs\u00a0<a rel=\"noreferrer noopener\" aria-label=\" (s\u2019ouvre dans un nouvel onglet)\" href=\"https:\/\/fr.wikipedia.org\/wiki\/Guitares_par_types\" target=\"_blank\">types de guitare<\/a>\u00a0pouvant diff\u00e9rer par leur\u00a0<a rel=\"noreferrer noopener\" aria-label=\" (s\u2019ouvre dans un nouvel onglet)\" href=\"https:\/\/fr.wikipedia.org\/wiki\/Ambitus\" target=\"_blank\">ambitus<\/a>\u00a0et leur\u00a0<a rel=\"noreferrer noopener\" aria-label=\" (s\u2019ouvre dans un nouvel onglet)\" href=\"https:\/\/fr.wikipedia.org\/wiki\/Timbre_(musique)\" target=\"_blank\">timbre<\/a>\u00a0tout en partageant la plupart de leurs techniques de jeu. Le coffre est le plus souvent en bois mais peut aussi se fabriquer en m\u00e9tal et, plus r\u00e9cemment de\u00a0<a rel=\"noreferrer noopener\" aria-label=\" (s\u2019ouvre dans un nouvel onglet)\" href=\"https:\/\/fr.wikipedia.org\/wiki\/Mat%C3%A9riau_composite\" target=\"_blank\">mat\u00e9riau composite<\/a>\u00a0<a rel=\"noreferrer noopener\" aria-label=\" (s\u2019ouvre dans un nouvel onglet)\" href=\"https:\/\/fr.wikipedia.org\/wiki\/Mati%C3%A8re_plastique\" target=\"_blank\">mati\u00e8re plastique<\/a>&#8211;<a rel=\"noreferrer noopener\" aria-label=\" (s\u2019ouvre dans un nouvel onglet)\" href=\"https:\/\/fr.wikipedia.org\/wiki\/Fibre_de_carbone\" target=\"_blank\">fibre de carbone<\/a>. La\u00a0<a href=\"https:\/\/fr.wikipedia.org\/wiki\/Guitare_%C3%A9lectrique\" target=\"_blank\" rel=\"noreferrer noopener\" aria-label=\" (s\u2019ouvre dans un nouvel onglet)\">guitare \u00e9lectrique<\/a>, d\u00e9riv\u00e9e de la guitare au cours du\u00a0<a href=\"https:\/\/fr.wikipedia.org\/wiki\/XXe_si%C3%A8cle\"><abbr title=\"20\u1d49 si\u00e8cle\">xx<\/abbr><sup>e<\/sup>\u00a0si\u00e8cle<\/a>, peut se dispenser de corps creux, ce qui en fait, en toute rigueur, un instrument nouveau qui inclut un\u00a0<a href=\"https:\/\/fr.wikipedia.org\/wiki\/Amplificateur_%C3%A9lectronique\">amplificateur \u00e9lectronique<\/a>\u00a0et son\u00a0<a href=\"https:\/\/fr.wikipedia.org\/wiki\/Haut-parleur\">haut-parleur<\/a>, avec des possibilit\u00e9s de variations de timbre largement au-del\u00e0 de la guitare acoustique, dans toutes ses variante.<\/p>\n\n\n\n<p style=\"font-size:19px\">La guitare, ais\u00e9ment transportable, est un instrument d&rsquo;accompagnement du chant dans de nombreux&nbsp;genres musicaux&nbsp;populaires. Souvent le chanteur s&rsquo;accompagne lui-m\u00eame sur sa guitare.&nbsp;<\/p>\n\n\n\n<p><a href=\"https:\/\/fr.wikipedia.org\/wiki\/Guitare\" target=\"_blank\" rel=\"noreferrer noopener\" aria-label=\" (s\u2019ouvre dans un nouvel onglet)\">R\u00e9f\u00e9rence : Wikip\u00e9dia<\/a><\/p>\n","protected":false},"excerpt":{"rendered":"<p>La guitare est un des instruments les plus diffus\u00e9 au monde et on l\u2019utilise dans quasiment tous les styles de musique. C\u2019est un instrument \u00e0 cordes pinc\u00e9es. Les cordes sont dispos\u00e9es parall\u00e8lement \u00e0 la\u00a0table d&rsquo;harmonie\u00a0et au manche, g\u00e9n\u00e9ralement coup\u00e9 de\u00a0frettes, sur lesquelles on appuie les cordes, d&rsquo;une main, pour produire des\u00a0notes\u00a0diff\u00e9rentes. L&rsquo;autre main pince les [&hellip;]<\/p>\n","protected":false},"author":1,"featured_media":0,"parent":0,"menu_order":0,"comment_status":"closed","ping_status":"closed","template":"","meta":[],"_links":{"self":[{"href":"https:\/\/sdl-lelanderon.ch\/eml\/wp-json\/wp\/v2\/pages\/172"}],"collection":[{"href":"https:\/\/sdl-lelanderon.ch\/eml\/wp-json\/wp\/v2\/pages"}],"about":[{"href":"https:\/\/sdl-lelanderon.ch\/eml\/wp-json\/wp\/v2\/types\/page"}],"author":[{"embeddable":true,"href":"https:\/\/sdl-lelanderon.ch\/eml\/wp-json\/wp\/v2\/users\/1"}],"replies":[{"embeddable":true,"href":"https:\/\/sdl-lelanderon.ch\/eml\/wp-json\/wp\/v2\/comments?post=172"}],"version-history":[{"count":3,"href":"https:\/\/sdl-lelanderon.ch\/eml\/wp-json\/wp\/v2\/pages\/172\/revisions"}],"predecessor-version":[{"id":177,"href":"https:\/\/sdl-lelanderon.ch\/eml\/wp-json\/wp\/v2\/pages\/172\/revisions\/177"}],"wp:attachment":[{"href":"https:\/\/sdl-lelanderon.ch\/eml\/wp-json\/wp\/v2\/media?parent=172"}],"curies":[{"name":"wp","href":"https:\/\/api.w.org\/{rel}","templated":true}]}}