{"id":2,"date":"2019-08-09T09:50:05","date_gmt":"2019-08-09T07:50:05","guid":{"rendered":"https:\/\/sdl-lelanderon.ch\/eml\/?page_id=2"},"modified":"2025-12-01T16:38:25","modified_gmt":"2025-12-01T15:38:25","slug":"page-d-exemple","status":"publish","type":"page","link":"https:\/\/sdl-lelanderon.ch\/eml\/","title":{"rendered":"Accueil"},"content":{"rendered":"\n<p>L&rsquo;Ecole de Musique du Landeron vous souhaite la bienvenue !<\/p>\n\n\n\n<p>Pour profitez d&rsquo;une le\u00e7on d&rsquo;essai gratuite ! <a href=\"https:\/\/sdl-lelanderon.ch\/eml\/contact\/\" data-type=\"page\" data-id=\"16\">Contacter nous !<\/a><\/p>\n\n\n\n<p>Pour vous inscrire <a rel=\"noreferrer noopener\" href=\"http:\/\/sdl-lelanderon.ch\/eml\/inscri\/inscription.php\" target=\"_blank\">cliquez ici \u2026<\/a><\/p>\n\n\n\n<p><\/p>\n\n\n\n<p><strong>les inscriptions sont possibles \u00e0 tous moments par internet ou par t\u00e9l\u00e9phone (032 751 38 03).<\/strong> <a href=\"mailto:eml@sdl-lelanderon.ch\">Pour de plus amples information \u00e9crivez-nou<\/a>s <\/p>\n\n\n\n<p>Pour vous inscrire en ligne <a href=\"http:\/\/sdl-lelanderon.ch\/eml\/inscri\/inscription.php\" target=\"_blank\" rel=\"noreferrer noopener\" aria-label=\" (s\u2019ouvre dans un nouvel onglet)\">cliquez ici \u2026<\/a><\/p>\n\n\n\n<p>La prochaine journ\u00e9e <strong>portes ouvertes <\/strong>aura lieu le <strong>samedi  31 janvier 2026 de 10h \u00e0 12h ! <\/strong><br>Vous pourrez y rencontrer les professeurs et essayer les instruments !<\/p>\n\n\n\n<p> Le deuxi\u00e8me semestre de l&rsquo;ann\u00e9e scolaire 2025-2026 d\u00e9bute le <strong>lundi 2 f\u00e9vrier 2026<\/strong><\/p>\n\n\n\n<p><\/p>\n\n\n\n<p><a href=\"https:\/\/sdl-lelanderon.ch\/eml\/wp-content\/uploads\/2025\/08\/emlplanv25-26.pdf\" data-type=\"page\" target=\"_blank\" rel=\"noreferrer noopener\">Vacances et cong\u00e9s 2025-2026<\/a><\/p>\n\n\n<p><!--StartFragment--><\/p>\n<p><!--EndFragment--><\/p>\n\n\n<p><\/p>\n","protected":false},"excerpt":{"rendered":"<p>L&rsquo;Ecole de Musique du Landeron vous souhaite la bienvenue ! Pour profitez d&rsquo;une le\u00e7on d&rsquo;essai gratuite ! Contacter nous ! Pour vous inscrire cliquez ici \u2026 les inscriptions sont possibles \u00e0 tous moments par internet ou par t\u00e9l\u00e9phone (032 751 38 03). Pour de plus amples information \u00e9crivez-nous Pour vous inscrire en ligne cliquez ici [&hellip;]<\/p>\n","protected":false},"author":1,"featured_media":0,"parent":0,"menu_order":0,"comment_status":"closed","ping_status":"open","template":"","meta":[],"_links":{"self":[{"href":"https:\/\/sdl-lelanderon.ch\/eml\/wp-json\/wp\/v2\/pages\/2"}],"collection":[{"href":"https:\/\/sdl-lelanderon.ch\/eml\/wp-json\/wp\/v2\/pages"}],"about":[{"href":"https:\/\/sdl-lelanderon.ch\/eml\/wp-json\/wp\/v2\/types\/page"}],"author":[{"embeddable":true,"href":"https:\/\/sdl-lelanderon.ch\/eml\/wp-json\/wp\/v2\/users\/1"}],"replies":[{"embeddable":true,"href":"https:\/\/sdl-lelanderon.ch\/eml\/wp-json\/wp\/v2\/comments?post=2"}],"version-history":[{"count":53,"href":"https:\/\/sdl-lelanderon.ch\/eml\/wp-json\/wp\/v2\/pages\/2\/revisions"}],"predecessor-version":[{"id":352,"href":"https:\/\/sdl-lelanderon.ch\/eml\/wp-json\/wp\/v2\/pages\/2\/revisions\/352"}],"wp:attachment":[{"href":"https:\/\/sdl-lelanderon.ch\/eml\/wp-json\/wp\/v2\/media?parent=2"}],"curies":[{"name":"wp","href":"https:\/\/api.w.org\/{rel}","templated":true}]}}